{"id":1822,"date":"2018-10-24T17:09:08","date_gmt":"2018-10-24T17:09:08","guid":{"rendered":"http:\/\/feyarias-welt.de\/?page_id=1822"},"modified":"2018-10-24T17:09:08","modified_gmt":"2018-10-24T17:09:08","slug":"ueber-mich","status":"publish","type":"page","link":"https:\/\/feyarias-welt.de\/?page_id=1822","title":{"rendered":"\u00dcber mich"},"content":{"rendered":"<p>Hallo und herzlich willkommen auf meinem Blog,<\/p>\n<p>mein Name ist Ilona und ich wohne gemeinsam mit zwei Katern im sch\u00f6nen Wittgensteiner Land.<\/p>\n<p class=\"textbox\" dir=\"ltr\">Ich bin eine sehr wissbegierige Frau und liebe es die Welt zu erkunden und dar\u00fcber zu berichten.<\/p>\n<p class=\"textbox\" dir=\"ltr\">Ein Tag ohne Lachen ist ein verlorener Tag. Ich schaue \u00fcber den Tellerrand hinweg und besch\u00e4ftige mich mit den Dingen, die mir wichtig sind.<\/p>\n<p class=\"textbox\" dir=\"ltr\">Ich liebe Horrorfilme, kann sie aber nicht vor dem schlafen gehen<\/p>\n<p class=\"textbox\" dir=\"ltr\">anschauen, da ich sonst Alptr\u00e4ume bekomme.<\/p>\n<p class=\"textbox\" dir=\"ltr\">Ich bin frech. Das sagt zumindest mein Papa. Ich habe ihn gefragt, was<\/p>\n<p class=\"textbox\" dir=\"ltr\">typisch f\u00fcr mich ist und er schaut mich grinsend an und sagt: \u201eDu bist frech\u201c.<\/p>\n<p class=\"textbox\" dir=\"ltr\">Wenn er das sagt, wird das wohl auch so sein.<\/p>\n<p class=\"textbox\" dir=\"ltr\">Ich habe eine sehr gro\u00dfe Abneigung gegen Spinnen. Ich bin kurzsichtig und<\/p>\n<p class=\"textbox\" dir=\"ltr\">sehe ohne Brille nur sehr wenig, dies \u00e4ndert sich jedoch schlagartig, wenn<\/p>\n<p class=\"textbox\" dir=\"ltr\">eine Spinne irgendwo h\u00e4ngt, die sehe ich immer&#8230;..<\/p>\n<p dir=\"ltr\">Wenn ihr mehr \u00fcber mich erfahren m\u00f6chtet, schriebt mir gerne eine E-Mail an: lonaihrer@gmail.com<\/p>\n<p dir=\"ltr\">\n","protected":false},"excerpt":{"rendered":"<p>Hallo und herzlich willkommen auf meinem Blog, mein Name ist Ilona und ich wohne gemeinsam mit zwei Katern im sch\u00f6nen Wittgensteiner Land. Ich bin eine sehr wissbegierige Frau und liebe es die Welt zu erkunden und dar\u00fcber zu berichten. Ein Tag ohne Lachen ist ein verlorener Tag. Ich schaue \u00fcber den Tellerrand hinweg und besch\u00e4ftige &hellip; <\/p>\n<p class=\"link-more\"><a href=\"https:\/\/feyarias-welt.de\/?page_id=1822\" class=\"more-link\"><span class=\"screen-reader-text\">\u201e\u00dcber mich\u201c <\/span>weiterlesen<\/a><\/p>\n","protected":false},"author":1,"featured_media":1824,"parent":0,"menu_order":0,"comment_status":"closed","ping_status":"closed","template":"","meta":{"footnotes":""},"class_list":["post-1822","page","type-page","status-publish","has-post-thumbnail","hentry"],"_links":{"self":[{"href":"https:\/\/feyarias-welt.de\/index.php?rest_route=\/wp\/v2\/pages\/1822","targetHints":{"allow":["GET"]}}],"collection":[{"href":"https:\/\/feyarias-welt.de\/index.php?rest_route=\/wp\/v2\/pages"}],"about":[{"href":"https:\/\/feyarias-welt.de\/index.php?rest_route=\/wp\/v2\/types\/page"}],"author":[{"embeddable":true,"href":"https:\/\/feyarias-welt.de\/index.php?rest_route=\/wp\/v2\/users\/1"}],"replies":[{"embeddable":true,"href":"https:\/\/feyarias-welt.de\/index.php?rest_route=%2Fwp%2Fv2%2Fcomments&post=1822"}],"version-history":[{"count":1,"href":"https:\/\/feyarias-welt.de\/index.php?rest_route=\/wp\/v2\/pages\/1822\/revisions"}],"predecessor-version":[{"id":1823,"href":"https:\/\/feyarias-welt.de\/index.php?rest_route=\/wp\/v2\/pages\/1822\/revisions\/1823"}],"wp:featuredmedia":[{"embeddable":true,"href":"https:\/\/feyarias-welt.de\/index.php?rest_route=\/wp\/v2\/media\/1824"}],"wp:attachment":[{"href":"https:\/\/feyarias-welt.de\/index.php?rest_route=%2Fwp%2Fv2%2Fmedia&parent=1822"}],"curies":[{"name":"wp","href":"https:\/\/api.w.org\/{rel}","templated":true}]}}